{"id":30619,"date":"2026-05-14T09:24:41","date_gmt":"2026-05-14T09:24:41","guid":{"rendered":"https:\/\/momentocipobolt.hu\/?post_type=product&#038;p=30619"},"modified":"2026-05-14T09:26:17","modified_gmt":"2026-05-14T09:26:17","slug":"lolacruz-zold-fekete-magassarku","status":"publish","type":"product","link":"https:\/\/momentocipobolt.hu\/en\/product\/lolacruz-zold-fekete-magassarku\/","title":{"rendered":"LolaCruz green and black high heels"},"content":{"rendered":"<p data-start=\"0\" data-end=\"26\"><strong data-start=\"0\" data-end=\"26\">Spanish leather high heels<\/strong><\/p>\n<p data-start=\"28\" data-end=\"393\">Spanish leather high heels with a unique and elegant look, thanks to the black and green colour scheme. The pointed toe design gives a feminine and sophisticated look, while the high heel gives an elegant hold. Its quality leather design provides comfort and exclusivity for casual events and elegant looks.<\/p>","protected":false},"excerpt":{"rendered":"<div class=\"\" data-turn-id-container=\"request-WEB:98ae578c-02fc-4258-9335-4e99b3278e2b-40\" data-is-intersecting=\"true\">\n<section class=\"text-token-text-primary w-full focus:outline-none [--shadow-height:45px] has-data-writing-block:pointer-events-none has-data-writing-block:-mt-(--shadow-height) has-data-writing-block:pt-(--shadow-height) [&amp;:has([data-writing-block])&gt;*]:pointer-events-auto R6Vx5W_threadScrollVars scroll-mb-[calc(var(--scroll-root-safe-area-inset-bottom,0px)+var(--thread-response-height))] scroll-mt-[calc(var(--header-height)+min(200px,max(70px,20svh)))]\" dir=\"auto\" data-turn-id=\"request-WEB:98ae578c-02fc-4258-9335-4e99b3278e2b-40\" data-testid=\"conversation-turn-82\" data-scroll-anchor=\"false\" data-turn=\"assistant\">\n<div class=\"text-base my-auto mx-auto pb-10 [--thread-content-margin:var(--thread-content-margin-xs,calc(var(--spacing)*4))] @w-sm\/main:[--thread-content-margin:var(--thread-content-margin-sm,calc(var(--spacing)*6))] @w-lg\/main:[--thread-content-margin:var(--thread-content-margin-lg,calc(var(--spacing)*16))] px-(--thread-content-margin)\">\n<div class=\"[--thread-content-max-width:40rem] @w-lg\/main:[--thread-content-max-width:48rem] mx-auto max-w-(--thread-content-max-width) flex-1 group\/turn-messages focus-visible:outline-hidden relative flex w-full min-w-0 flex-col agent-turn\">\n<div class=\"flex max-w-full flex-col gap-4 grow\">\n<div class=\"min-h-8 text-message relative flex w-full flex-col items-end gap-2 text-start break-words whitespace-normal outline-none keyboard-focused:focus-ring [.text-message+&amp;]:mt-1\" dir=\"auto\" tabindex=\"0\" data-message-author-role=\"assistant\" data-message-id=\"959e0f68-073d-4431-a9ab-4f55f42f0426\" data-message-model-slug=\"gpt-5-5\" data-turn-start-message=\"true\">\n<div class=\"flex w-full flex-col gap-1 empty:hidden\">\n<div class=\"markdown prose dark:prose-invert wrap-break-word w-full light markdown-new-styling\">\n<ul data-start=\"413\" data-end=\"645\" data-is-last-node=\"\" data-is-only-node=\"\">\n<li data-section-id=\"1bvemxg\" data-start=\"413\" data-end=\"445\">Fekete-z\u00f6ld sz\u00edn\u00f6ssze\u00e1ll\u00edt\u00e1s<\/li>\n<li data-section-id=\"1b9ko1b\" data-start=\"446\" data-end=\"480\">Min\u0151s\u00e9gi spanyol b\u0151r fels\u0151r\u00e9sz<\/li>\n<li data-section-id=\"1jm01wg\" data-start=\"481\" data-end=\"512\">N\u0151ies, hegyes orrkialak\u00edt\u00e1s<\/li>\n<li data-section-id=\"t4trf\" data-start=\"513\" data-end=\"539\">Magas, eleg\u00e1ns t\u0171sarok<\/li>\n<li data-section-id=\"3fkx5c\" data-start=\"540\" data-end=\"575\">Kifinomult \u00e9s egyedi megjelen\u00e9s<\/li>\n<li data-section-id=\"lkpca4\" data-start=\"576\" data-end=\"614\">Eleg\u00e1ns alkalmi viselethez ide\u00e1lis<\/li>\n<li data-section-id=\"1x7a5it\" data-start=\"615\" data-end=\"645\" data-is-last-node=\"\">St\u00edlusos \u00e9s karakteres fazon<\/li>\n<\/ul>\n<\/div>\n<\/div>\n<\/div>\n<\/div>\n<\/div>\n<\/div>\n<\/section>\n<\/div>\n","protected":false},"featured_media":30542,"comment_status":"closed","ping_status":"closed","template":"","meta":{"_seopress_robots_primary_cat":"none","_seopress_titles_title":"","_seopress_titles_desc":"","_seopress_robots_index":""},"product_brand":[110],"product_cat":[92,90,94],"product_tag":[],"class_list":{"0":"post-30619","1":"product","2":"type-product","3":"status-publish","4":"has-post-thumbnail","6":"product_brand-lolacruz","7":"product_cat-felcipo","8":"product_cat-noi-cipo","9":"product_cat-noi-elegans","11":"first","12":"instock","13":"shipping-taxable","14":"purchasable","15":"product-type-variable"},"_links":{"self":[{"href":"https:\/\/momentocipobolt.hu\/en\/wp-json\/wp\/v2\/product\/30619","targetHints":{"allow":["GET"]}}],"collection":[{"href":"https:\/\/momentocipobolt.hu\/en\/wp-json\/wp\/v2\/product"}],"about":[{"href":"https:\/\/momentocipobolt.hu\/en\/wp-json\/wp\/v2\/types\/product"}],"replies":[{"embeddable":true,"href":"https:\/\/momentocipobolt.hu\/en\/wp-json\/wp\/v2\/comments?post=30619"}],"version-history":[{"count":1,"href":"https:\/\/momentocipobolt.hu\/en\/wp-json\/wp\/v2\/product\/30619\/revisions"}],"predecessor-version":[{"id":30623,"href":"https:\/\/momentocipobolt.hu\/en\/wp-json\/wp\/v2\/product\/30619\/revisions\/30623"}],"wp:featuredmedia":[{"embeddable":true,"href":"https:\/\/momentocipobolt.hu\/en\/wp-json\/wp\/v2\/media\/30542"}],"wp:attachment":[{"href":"https:\/\/momentocipobolt.hu\/en\/wp-json\/wp\/v2\/media?parent=30619"}],"wp:term":[{"taxonomy":"product_brand","embeddable":true,"href":"https:\/\/momentocipobolt.hu\/en\/wp-json\/wp\/v2\/product_brand?post=30619"},{"taxonomy":"product_cat","embeddable":true,"href":"https:\/\/momentocipobolt.hu\/en\/wp-json\/wp\/v2\/product_cat?post=30619"},{"taxonomy":"product_tag","embeddable":true,"href":"https:\/\/momentocipobolt.hu\/en\/wp-json\/wp\/v2\/product_tag?post=30619"}],"curies":[{"name":"wp","href":"https:\/\/api.w.org\/{rel}","templated":true}]}}