{"id":30613,"date":"2026-05-14T09:19:13","date_gmt":"2026-05-14T09:19:13","guid":{"rendered":"https:\/\/momentocipobolt.hu\/?post_type=product&#038;p=30613"},"modified":"2026-05-14T09:19:13","modified_gmt":"2026-05-14T09:19:13","slug":"tutto-bene-fekete-tusarku","status":"publish","type":"product","link":"https:\/\/momentocipobolt.hu\/en\/product\/tutto-bene-fekete-tusarku\/","title":{"rendered":"Tutto Bene black stilettos"},"content":{"rendered":"<div class=\"\" data-turn-id-container=\"ec4b17f4-53cb-44c5-bcd6-5444f3c3856a\" data-is-intersecting=\"true\"><\/div>\n<div class=\"\" data-turn-id-container=\"request-WEB:98ae578c-02fc-4258-9335-4e99b3278e2b-39\" data-is-intersecting=\"true\">\n<section class=\"text-token-text-primary w-full focus:outline-none [--shadow-height:45px] has-data-writing-block:pointer-events-none has-data-writing-block:-mt-(--shadow-height) has-data-writing-block:pt-(--shadow-height) [&amp;:has([data-writing-block])&gt;*]:pointer-events-auto R6Vx5W_threadScrollVars scroll-mb-[calc(var(--scroll-root-safe-area-inset-bottom,0px)+var(--thread-response-height))] scroll-mt-[calc(var(--header-height)+min(200px,max(70px,20svh)))]\" dir=\"auto\" data-turn-id=\"request-WEB:98ae578c-02fc-4258-9335-4e99b3278e2b-39\" data-testid=\"conversation-turn-80\" data-scroll-anchor=\"false\" data-turn=\"assistant\">\n<div class=\"text-base my-auto mx-auto pb-10 [--thread-content-margin:var(--thread-content-margin-xs,calc(var(--spacing)*4))] @w-sm\/main:[--thread-content-margin:var(--thread-content-margin-sm,calc(var(--spacing)*6))] @w-lg\/main:[--thread-content-margin:var(--thread-content-margin-lg,calc(var(--spacing)*16))] px-(--thread-content-margin)\">\n<div class=\"[--thread-content-max-width:40rem] @w-lg\/main:[--thread-content-max-width:48rem] mx-auto max-w-(--thread-content-max-width) flex-1 group\/turn-messages focus-visible:outline-hidden relative flex w-full min-w-0 flex-col agent-turn\">\n<div class=\"flex max-w-full flex-col gap-4 grow\">\n<div class=\"min-h-8 text-message relative flex w-full flex-col items-end gap-2 text-start break-words whitespace-normal outline-none keyboard-focused:focus-ring [.text-message+&amp;]:mt-1\" dir=\"auto\" tabindex=\"0\" data-message-author-role=\"assistant\" data-message-id=\"8cd6d5c3-bfb8-4903-9652-0db434400f62\" data-message-model-slug=\"gpt-5-5\" data-turn-start-message=\"true\">\n<div class=\"flex w-full flex-col gap-1 empty:hidden\">\n<div class=\"markdown prose dark:prose-invert wrap-break-word w-full light markdown-new-styling\">\n<p data-start=\"0\" data-end=\"27\"><strong data-start=\"0\" data-end=\"27\">Fekete b\u0151r t\u0171sark\u00fa cip\u0151<\/strong><\/p>\n<p data-start=\"29\" data-end=\"398\">Eleg\u00e1ns \u00e9s n\u0151ies fekete b\u0151r t\u0171sark\u00fa, amely id\u0151t\u00e1ll\u00f3 megjelen\u00e9s\u00e9vel t\u00f6k\u00e9letes v\u00e1laszt\u00e1s alkalmi \u00e9s eleg\u00e1ns viselethez. Hegyes orrkialak\u00edt\u00e1sa kifinomult \u00e9s karcs\u00fa hat\u00e1st k\u00f6lcs\u00f6n\u00f6z, m\u00edg a k\u00e9nyelmes sarokmagass\u00e1g komfortos viseletet biztos\u00edt hosszabb alkalmak sor\u00e1n is. Az oldal\u00e1n tal\u00e1lhat\u00f3 \u00edves kialak\u00edt\u00e1s k\u00fcl\u00f6nleges \u00e9s st\u00edlusos r\u00e9szletk\u00e9nt emeli ki a cip\u0151 eleganci\u00e1j\u00e1t.<\/p>\n<\/div>\n<\/div>\n<\/div>\n<\/div>\n<\/div>\n<\/div>\n<\/section>\n<\/div>\n","protected":false},"excerpt":{"rendered":"<div class=\"\" data-turn-id-container=\"request-WEB:98ae578c-02fc-4258-9335-4e99b3278e2b-39\" data-is-intersecting=\"true\">\n<section class=\"text-token-text-primary w-full focus:outline-none [--shadow-height:45px] has-data-writing-block:pointer-events-none has-data-writing-block:-mt-(--shadow-height) has-data-writing-block:pt-(--shadow-height) [&amp;:has([data-writing-block])&gt;*]:pointer-events-auto R6Vx5W_threadScrollVars scroll-mb-[calc(var(--scroll-root-safe-area-inset-bottom,0px)+var(--thread-response-height))] scroll-mt-[calc(var(--header-height)+min(200px,max(70px,20svh)))]\" dir=\"auto\" data-turn-id=\"request-WEB:98ae578c-02fc-4258-9335-4e99b3278e2b-39\" data-testid=\"conversation-turn-80\" data-scroll-anchor=\"false\" data-turn=\"assistant\">\n<div class=\"text-base my-auto mx-auto pb-10 [--thread-content-margin:var(--thread-content-margin-xs,calc(var(--spacing)*4))] @w-sm\/main:[--thread-content-margin:var(--thread-content-margin-sm,calc(var(--spacing)*6))] @w-lg\/main:[--thread-content-margin:var(--thread-content-margin-lg,calc(var(--spacing)*16))] px-(--thread-content-margin)\">\n<div class=\"[--thread-content-max-width:40rem] @w-lg\/main:[--thread-content-max-width:48rem] mx-auto max-w-(--thread-content-max-width) flex-1 group\/turn-messages focus-visible:outline-hidden relative flex w-full min-w-0 flex-col agent-turn\">\n<div class=\"flex max-w-full flex-col gap-4 grow\">\n<div class=\"min-h-8 text-message relative flex w-full flex-col items-end gap-2 text-start break-words whitespace-normal outline-none keyboard-focused:focus-ring [.text-message+&amp;]:mt-1\" dir=\"auto\" tabindex=\"0\" data-message-author-role=\"assistant\" data-message-id=\"8cd6d5c3-bfb8-4903-9652-0db434400f62\" data-message-model-slug=\"gpt-5-5\" data-turn-start-message=\"true\">\n<div class=\"flex w-full flex-col gap-1 empty:hidden\">\n<div class=\"markdown prose dark:prose-invert wrap-break-word w-full light markdown-new-styling\">\n<ul data-start=\"418\" data-end=\"640\" data-is-last-node=\"\" data-is-only-node=\"\">\n<li data-section-id=\"1fuk3fe\" data-start=\"418\" data-end=\"446\">Fekete sz\u00edn\u0171 b\u0151r t\u0171sark\u00fa<\/li>\n<li data-section-id=\"mwb9cp\" data-start=\"447\" data-end=\"473\">Min\u0151s\u00e9gi b\u0151r fels\u0151r\u00e9sz<\/li>\n<li data-section-id=\"1jm01wg\" data-start=\"474\" data-end=\"505\">N\u0151ies, hegyes orrkialak\u00edt\u00e1s<\/li>\n<li data-section-id=\"35hd3b\" data-start=\"506\" data-end=\"533\">K\u00e9nyelmes sarokmagass\u00e1g<\/li>\n<li data-section-id=\"130fdau\" data-start=\"534\" data-end=\"566\">Eleg\u00e1ns \u00edves oldalkialak\u00edt\u00e1s<\/li>\n<li data-section-id=\"gl8qzo\" data-start=\"567\" data-end=\"600\">Kifinomult \u00e9s id\u0151t\u00e1ll\u00f3 st\u00edlus<\/li>\n<li data-section-id=\"fgeyqe\" data-start=\"601\" data-end=\"640\" data-is-last-node=\"\">Alkalmi \u00e9s eleg\u00e1ns viselethez ide\u00e1lis<\/li>\n<\/ul>\n<\/div>\n<\/div>\n<\/div>\n<\/div>\n<div class=\"z-0 flex min-h-[46px] justify-start\"><\/div>\n<div class=\"mt-3 w-full empty:hidden\">\n<div class=\"text-center\"><\/div>\n<\/div>\n<\/div>\n<\/div>\n<\/section>\n<\/div>\n<div class=\"pointer-events-none -mt-px h-px translate-y-[calc(var(--scroll-root-safe-area-inset-bottom)-14*var(--spacing))]\" aria-hidden=\"true\"><\/div>\n","protected":false},"featured_media":30539,"comment_status":"closed","ping_status":"closed","template":"","meta":{"_seopress_robots_primary_cat":"","_seopress_titles_title":"","_seopress_titles_desc":"","_seopress_robots_index":""},"product_brand":[79],"product_cat":[92,90,94],"product_tag":[],"class_list":{"0":"post-30613","1":"product","2":"type-product","3":"status-publish","4":"has-post-thumbnail","6":"product_brand-tutto-bene-scarpe","7":"product_cat-felcipo","8":"product_cat-noi-cipo","9":"product_cat-noi-elegans","11":"first","12":"instock","13":"shipping-taxable","14":"purchasable","15":"product-type-variable"},"_links":{"self":[{"href":"https:\/\/momentocipobolt.hu\/en\/wp-json\/wp\/v2\/product\/30613","targetHints":{"allow":["GET"]}}],"collection":[{"href":"https:\/\/momentocipobolt.hu\/en\/wp-json\/wp\/v2\/product"}],"about":[{"href":"https:\/\/momentocipobolt.hu\/en\/wp-json\/wp\/v2\/types\/product"}],"replies":[{"embeddable":true,"href":"https:\/\/momentocipobolt.hu\/en\/wp-json\/wp\/v2\/comments?post=30613"}],"version-history":[{"count":1,"href":"https:\/\/momentocipobolt.hu\/en\/wp-json\/wp\/v2\/product\/30613\/revisions"}],"predecessor-version":[{"id":30618,"href":"https:\/\/momentocipobolt.hu\/en\/wp-json\/wp\/v2\/product\/30613\/revisions\/30618"}],"wp:featuredmedia":[{"embeddable":true,"href":"https:\/\/momentocipobolt.hu\/en\/wp-json\/wp\/v2\/media\/30539"}],"wp:attachment":[{"href":"https:\/\/momentocipobolt.hu\/en\/wp-json\/wp\/v2\/media?parent=30613"}],"wp:term":[{"taxonomy":"product_brand","embeddable":true,"href":"https:\/\/momentocipobolt.hu\/en\/wp-json\/wp\/v2\/product_brand?post=30613"},{"taxonomy":"product_cat","embeddable":true,"href":"https:\/\/momentocipobolt.hu\/en\/wp-json\/wp\/v2\/product_cat?post=30613"},{"taxonomy":"product_tag","embeddable":true,"href":"https:\/\/momentocipobolt.hu\/en\/wp-json\/wp\/v2\/product_tag?post=30613"}],"curies":[{"name":"wp","href":"https:\/\/api.w.org\/{rel}","templated":true}]}}