{"id":30600,"date":"2026-05-14T09:02:19","date_gmt":"2026-05-14T09:02:19","guid":{"rendered":"https:\/\/momentocipobolt.hu\/?post_type=product&#038;p=30600"},"modified":"2026-05-14T09:12:55","modified_gmt":"2026-05-14T09:12:55","slug":"lola-cruz-bordo-elegans-borcipo","status":"publish","type":"product","link":"https:\/\/momentocipobolt.hu\/en\/product\/lola-cruz-bordo-elegans-borcipo\/","title":{"rendered":"Lola Cruz burgundy elegant leather shoes"},"content":{"rendered":"<p data-start=\"0\" data-end=\"27\"><strong data-start=\"0\" data-end=\"27\">Elegant Spanish leather shoes<\/strong><\/p>\n<p data-start=\"29\" data-end=\"391\">Sophisticated and characterful looking burgundy Spanish leather shoes, perfect for elegant occasions. The pointed toe design gives a feminine and stylish look, while the high stiletto heel provides elegant support. The gold-tone buckle decoration on the front gives the shoe a special, luxurious look. Quality leather construction provides comfort and exclusivity.<\/p>","protected":false},"excerpt":{"rendered":"<div class=\"\" data-turn-id-container=\"request-WEB:98ae578c-02fc-4258-9335-4e99b3278e2b-37\" data-is-intersecting=\"true\">\n<section class=\"text-token-text-primary w-full focus:outline-none [--shadow-height:45px] has-data-writing-block:pointer-events-none has-data-writing-block:-mt-(--shadow-height) has-data-writing-block:pt-(--shadow-height) [&amp;:has([data-writing-block])&gt;*]:pointer-events-auto R6Vx5W_threadScrollVars scroll-mb-[calc(var(--scroll-root-safe-area-inset-bottom,0px)+var(--thread-response-height))] scroll-mt-[calc(var(--header-height)+min(200px,max(70px,20svh)))]\" dir=\"auto\" data-turn-id=\"request-WEB:98ae578c-02fc-4258-9335-4e99b3278e2b-37\" data-testid=\"conversation-turn-76\" data-scroll-anchor=\"false\" data-turn=\"assistant\">\n<div class=\"text-base my-auto mx-auto pb-10 [--thread-content-margin:var(--thread-content-margin-xs,calc(var(--spacing)*4))] @w-sm\/main:[--thread-content-margin:var(--thread-content-margin-sm,calc(var(--spacing)*6))] @w-lg\/main:[--thread-content-margin:var(--thread-content-margin-lg,calc(var(--spacing)*16))] px-(--thread-content-margin)\">\n<div class=\"[--thread-content-max-width:40rem] @w-lg\/main:[--thread-content-max-width:48rem] mx-auto max-w-(--thread-content-max-width) flex-1 group\/turn-messages focus-visible:outline-hidden relative flex w-full min-w-0 flex-col agent-turn\">\n<div class=\"flex max-w-full flex-col gap-4 grow\">\n<div class=\"min-h-8 text-message relative flex w-full flex-col items-end gap-2 text-start break-words whitespace-normal outline-none keyboard-focused:focus-ring [.text-message+&amp;]:mt-1\" dir=\"auto\" tabindex=\"0\" data-message-author-role=\"assistant\" data-message-id=\"8fd983c0-e302-40a3-a726-48f61ae580f8\" data-message-model-slug=\"gpt-5-5\" data-turn-start-message=\"true\">\n<div class=\"flex w-full flex-col gap-1 empty:hidden\">\n<div class=\"markdown prose dark:prose-invert wrap-break-word w-full light markdown-new-styling\">\n<ul data-start=\"411\" data-end=\"640\" data-is-last-node=\"\" data-is-only-node=\"\">\n<li data-section-id=\"k4fic0\" data-start=\"411\" data-end=\"450\">Bord\u00f3 sz\u00edn\u0171 eleg\u00e1ns spanyol b\u0151rcip\u0151<\/li>\n<li data-section-id=\"mwb9cp\" data-start=\"451\" data-end=\"477\">Min\u0151s\u00e9gi b\u0151r fels\u0151r\u00e9sz<\/li>\n<li data-section-id=\"1jm01wg\" data-start=\"478\" data-end=\"509\">N\u0151ies, hegyes orrkialak\u00edt\u00e1s<\/li>\n<li data-section-id=\"11sfa6o\" data-start=\"510\" data-end=\"527\">Magas t\u0171sarok<\/li>\n<li data-section-id=\"f7kug4\" data-start=\"528\" data-end=\"560\">Eleg\u00e1ns arany sz\u00edn\u0171 csatd\u00edsz<\/li>\n<li data-section-id=\"1pi9c4t\" data-start=\"561\" data-end=\"598\">Kifinomult \u00e9s exkluz\u00edv megjelen\u00e9s<\/li>\n<li data-section-id=\"clkgo2\" data-start=\"599\" data-end=\"640\" data-is-last-node=\"\">T\u00f6k\u00e9letes alkalmi \u00e9s eleg\u00e1ns viselethez<\/li>\n<\/ul>\n<\/div>\n<\/div>\n<\/div>\n<\/div>\n<\/div>\n<\/div>\n<\/section>\n<\/div>\n","protected":false},"featured_media":30533,"comment_status":"closed","ping_status":"closed","template":"","meta":{"_seopress_robots_primary_cat":"none","_seopress_titles_title":"","_seopress_titles_desc":"","_seopress_robots_index":""},"product_brand":[110],"product_cat":[92,90,94],"product_tag":[],"class_list":{"0":"post-30600","1":"product","2":"type-product","3":"status-publish","4":"has-post-thumbnail","6":"product_brand-lolacruz","7":"product_cat-felcipo","8":"product_cat-noi-cipo","9":"product_cat-noi-elegans","11":"first","12":"instock","13":"shipping-taxable","14":"purchasable","15":"product-type-variable"},"_links":{"self":[{"href":"https:\/\/momentocipobolt.hu\/en\/wp-json\/wp\/v2\/product\/30600","targetHints":{"allow":["GET"]}}],"collection":[{"href":"https:\/\/momentocipobolt.hu\/en\/wp-json\/wp\/v2\/product"}],"about":[{"href":"https:\/\/momentocipobolt.hu\/en\/wp-json\/wp\/v2\/types\/product"}],"replies":[{"embeddable":true,"href":"https:\/\/momentocipobolt.hu\/en\/wp-json\/wp\/v2\/comments?post=30600"}],"version-history":[{"count":1,"href":"https:\/\/momentocipobolt.hu\/en\/wp-json\/wp\/v2\/product\/30600\/revisions"}],"predecessor-version":[{"id":30607,"href":"https:\/\/momentocipobolt.hu\/en\/wp-json\/wp\/v2\/product\/30600\/revisions\/30607"}],"wp:featuredmedia":[{"embeddable":true,"href":"https:\/\/momentocipobolt.hu\/en\/wp-json\/wp\/v2\/media\/30533"}],"wp:attachment":[{"href":"https:\/\/momentocipobolt.hu\/en\/wp-json\/wp\/v2\/media?parent=30600"}],"wp:term":[{"taxonomy":"product_brand","embeddable":true,"href":"https:\/\/momentocipobolt.hu\/en\/wp-json\/wp\/v2\/product_brand?post=30600"},{"taxonomy":"product_cat","embeddable":true,"href":"https:\/\/momentocipobolt.hu\/en\/wp-json\/wp\/v2\/product_cat?post=30600"},{"taxonomy":"product_tag","embeddable":true,"href":"https:\/\/momentocipobolt.hu\/en\/wp-json\/wp\/v2\/product_tag?post=30600"}],"curies":[{"name":"wp","href":"https:\/\/api.w.org\/{rel}","templated":true}]}}