{"id":30494,"date":"2026-05-11T16:28:41","date_gmt":"2026-05-11T16:28:41","guid":{"rendered":"https:\/\/momentocipobolt.hu\/?post_type=product&#038;p=30494"},"modified":"2026-05-11T16:29:30","modified_gmt":"2026-05-11T16:29:30","slug":"tutto-bene-viragmintas-feher-sportcipo","status":"publish","type":"product","link":"https:\/\/momentocipobolt.hu\/en\/product\/tutto-bene-viragmintas-feher-sportcipo\/","title":{"rendered":"Tutto Bene white sports shoes with floral pattern"},"content":{"rendered":"<p data-start=\"0\" data-end=\"23\"><strong data-start=\"0\" data-end=\"23\">White leather sports shoes<\/strong><\/p>\n<p data-start=\"25\" data-end=\"411\">Modern and comfortable white sneakers with a colourful pattern on the side. The quality leather upper ensures a durable and comfortable wear for everyday. The decorative zipper strap gives the shoe a fashionable look, while the comfort insole ensures all-day comfort. Its sporty feminine style can be easily combined with different outfits.<\/p>","protected":false},"excerpt":{"rendered":"<div class=\"\" data-turn-id-container=\"request-WEB:98ae578c-02fc-4258-9335-4e99b3278e2b-29\" data-is-intersecting=\"true\">\n<section class=\"text-token-text-primary w-full focus:outline-none [--shadow-height:45px] has-data-writing-block:pointer-events-none has-data-writing-block:-mt-(--shadow-height) has-data-writing-block:pt-(--shadow-height) [&amp;:has([data-writing-block])&gt;*]:pointer-events-auto R6Vx5W_threadScrollVars scroll-mb-[calc(var(--scroll-root-safe-area-inset-bottom,0px)+var(--thread-response-height))] scroll-mt-[calc(var(--header-height)+min(200px,max(70px,20svh)))]\" dir=\"auto\" data-turn-id=\"request-WEB:98ae578c-02fc-4258-9335-4e99b3278e2b-29\" data-testid=\"conversation-turn-60\" data-scroll-anchor=\"false\" data-turn=\"assistant\">\n<div class=\"text-base my-auto mx-auto pb-10 [--thread-content-margin:var(--thread-content-margin-xs,calc(var(--spacing)*4))] @w-sm\/main:[--thread-content-margin:var(--thread-content-margin-sm,calc(var(--spacing)*6))] @w-lg\/main:[--thread-content-margin:var(--thread-content-margin-lg,calc(var(--spacing)*16))] px-(--thread-content-margin)\">\n<div class=\"[--thread-content-max-width:40rem] @w-lg\/main:[--thread-content-max-width:48rem] mx-auto max-w-(--thread-content-max-width) flex-1 group\/turn-messages focus-visible:outline-hidden relative flex w-full min-w-0 flex-col agent-turn\">\n<div class=\"flex max-w-full flex-col gap-4 grow\">\n<div class=\"min-h-8 text-message relative flex w-full flex-col items-end gap-2 text-start break-words whitespace-normal outline-none keyboard-focused:focus-ring [.text-message+&amp;]:mt-1\" dir=\"auto\" tabindex=\"0\" data-message-author-role=\"assistant\" data-message-id=\"1c2b580f-e397-47b1-88b7-3b9643a7fdda\" data-message-model-slug=\"gpt-5-5\" data-turn-start-message=\"true\">\n<div class=\"flex w-full flex-col gap-1 empty:hidden\">\n<div class=\"markdown prose dark:prose-invert wrap-break-word w-full light markdown-new-styling\">\n<ul data-start=\"431\" data-end=\"621\" data-is-last-node=\"\" data-is-only-node=\"\">\n<li data-section-id=\"1y2vl42\" data-start=\"431\" data-end=\"456\">Feh\u00e9r sz\u00edn\u0171 sportcip\u0151<\/li>\n<li data-section-id=\"mwb9cp\" data-start=\"457\" data-end=\"483\">Min\u0151s\u00e9gi b\u0151r fels\u0151r\u00e9sz<\/li>\n<li data-section-id=\"1ed0vla\" data-start=\"484\" data-end=\"511\">Sz\u00ednes oldals\u00f3 mint\u00e1zat<\/li>\n<li data-section-id=\"13zyd55\" data-start=\"512\" data-end=\"534\">Divatos cipz\u00e1rd\u00edsz<\/li>\n<li data-section-id=\"1ryf8uv\" data-start=\"535\" data-end=\"557\">K\u00e9nyelmi talpbet\u00e9t<\/li>\n<li data-section-id=\"1exi8fc\" data-start=\"558\" data-end=\"590\">K\u00e9nyelmes mindennapi viselet<\/li>\n<li data-section-id=\"1pmycqu\" data-start=\"591\" data-end=\"621\" data-is-last-node=\"\">Modern \u00e9s sportos megjelen\u00e9s<\/li>\n<\/ul>\n<\/div>\n<\/div>\n<\/div>\n<\/div>\n<\/div>\n<\/div>\n<\/section>\n<\/div>\n","protected":false},"featured_media":30215,"comment_status":"closed","ping_status":"closed","template":"","meta":{"_seopress_robots_primary_cat":"none","_seopress_titles_title":"","_seopress_titles_desc":"","_seopress_robots_index":""},"product_brand":[79],"product_cat":[92,90,91],"product_tag":[],"class_list":{"0":"post-30494","1":"product","2":"type-product","3":"status-publish","4":"has-post-thumbnail","6":"product_brand-tutto-bene-scarpe","7":"product_cat-felcipo","8":"product_cat-noi-cipo","9":"product_cat-noi-sneaker","11":"first","12":"instock","13":"shipping-taxable","14":"purchasable","15":"product-type-variable"},"_links":{"self":[{"href":"https:\/\/momentocipobolt.hu\/en\/wp-json\/wp\/v2\/product\/30494","targetHints":{"allow":["GET"]}}],"collection":[{"href":"https:\/\/momentocipobolt.hu\/en\/wp-json\/wp\/v2\/product"}],"about":[{"href":"https:\/\/momentocipobolt.hu\/en\/wp-json\/wp\/v2\/types\/product"}],"replies":[{"embeddable":true,"href":"https:\/\/momentocipobolt.hu\/en\/wp-json\/wp\/v2\/comments?post=30494"}],"version-history":[{"count":1,"href":"https:\/\/momentocipobolt.hu\/en\/wp-json\/wp\/v2\/product\/30494\/revisions"}],"predecessor-version":[{"id":30502,"href":"https:\/\/momentocipobolt.hu\/en\/wp-json\/wp\/v2\/product\/30494\/revisions\/30502"}],"wp:featuredmedia":[{"embeddable":true,"href":"https:\/\/momentocipobolt.hu\/en\/wp-json\/wp\/v2\/media\/30215"}],"wp:attachment":[{"href":"https:\/\/momentocipobolt.hu\/en\/wp-json\/wp\/v2\/media?parent=30494"}],"wp:term":[{"taxonomy":"product_brand","embeddable":true,"href":"https:\/\/momentocipobolt.hu\/en\/wp-json\/wp\/v2\/product_brand?post=30494"},{"taxonomy":"product_cat","embeddable":true,"href":"https:\/\/momentocipobolt.hu\/en\/wp-json\/wp\/v2\/product_cat?post=30494"},{"taxonomy":"product_tag","embeddable":true,"href":"https:\/\/momentocipobolt.hu\/en\/wp-json\/wp\/v2\/product_tag?post=30494"}],"curies":[{"name":"wp","href":"https:\/\/api.w.org\/{rel}","templated":true}]}}