{"id":30424,"date":"2026-05-11T12:43:11","date_gmt":"2026-05-11T12:43:11","guid":{"rendered":"https:\/\/momentocipobolt.hu\/?post_type=product&#038;p=30424"},"modified":"2026-05-11T12:45:59","modified_gmt":"2026-05-11T12:45:59","slug":"tutto-bene-ezust-gumipantos-slipon","status":"publish","type":"product","link":"https:\/\/momentocipobolt.hu\/en\/product\/tutto-bene-ezust-gumipantos-slipon\/","title":{"rendered":"Tutto Bene silver slip-on with rubber strap"},"content":{"rendered":"<p data-start=\"0\" data-end=\"27\"><strong data-start=\"0\" data-end=\"27\">Slipon with silver rubber strap<\/strong><\/p>\n<p data-start=\"29\" data-end=\"399\">Comfortable and modern, the silver-coloured slip-on is the perfect choice for everyday wear. Its quality leather upper provides a soft and comfortable feel, while the perforated design offers good ventilation even on warmer days. The practical rubber strap ensures easy pick-up and a comfortable fit. Its comfortable sole design ensures all-day comfort.<\/p>","protected":false},"excerpt":{"rendered":"<p>Ez\u00fcst gumip\u00e1ntos slipon K\u00e9nyelmes \u00e9s modern ez\u00fcst sz\u00edn\u0171 slipon, amely t\u00f6k\u00e9letes v\u00e1laszt\u00e1s a mindennapi viselethez. Min\u0151s\u00e9gi b\u0151r fels\u0151r\u00e9sze puha \u00e9s<\/p>","protected":false},"featured_media":30194,"comment_status":"closed","ping_status":"closed","template":"","meta":{"_seopress_robots_primary_cat":"none","_seopress_titles_title":"","_seopress_titles_desc":"","_seopress_robots_index":""},"product_brand":[79],"product_cat":[92,90,95],"product_tag":[],"class_list":{"0":"post-30424","1":"product","2":"type-product","3":"status-publish","4":"has-post-thumbnail","6":"product_brand-tutto-bene-scarpe","7":"product_cat-felcipo","8":"product_cat-noi-cipo","9":"product_cat-noi-slipon","11":"first","12":"instock","13":"shipping-taxable","14":"purchasable","15":"product-type-variable"},"_links":{"self":[{"href":"https:\/\/momentocipobolt.hu\/en\/wp-json\/wp\/v2\/product\/30424","targetHints":{"allow":["GET"]}}],"collection":[{"href":"https:\/\/momentocipobolt.hu\/en\/wp-json\/wp\/v2\/product"}],"about":[{"href":"https:\/\/momentocipobolt.hu\/en\/wp-json\/wp\/v2\/types\/product"}],"replies":[{"embeddable":true,"href":"https:\/\/momentocipobolt.hu\/en\/wp-json\/wp\/v2\/comments?post=30424"}],"version-history":[{"count":1,"href":"https:\/\/momentocipobolt.hu\/en\/wp-json\/wp\/v2\/product\/30424\/revisions"}],"predecessor-version":[{"id":30430,"href":"https:\/\/momentocipobolt.hu\/en\/wp-json\/wp\/v2\/product\/30424\/revisions\/30430"}],"wp:featuredmedia":[{"embeddable":true,"href":"https:\/\/momentocipobolt.hu\/en\/wp-json\/wp\/v2\/media\/30194"}],"wp:attachment":[{"href":"https:\/\/momentocipobolt.hu\/en\/wp-json\/wp\/v2\/media?parent=30424"}],"wp:term":[{"taxonomy":"product_brand","embeddable":true,"href":"https:\/\/momentocipobolt.hu\/en\/wp-json\/wp\/v2\/product_brand?post=30424"},{"taxonomy":"product_cat","embeddable":true,"href":"https:\/\/momentocipobolt.hu\/en\/wp-json\/wp\/v2\/product_cat?post=30424"},{"taxonomy":"product_tag","embeddable":true,"href":"https:\/\/momentocipobolt.hu\/en\/wp-json\/wp\/v2\/product_tag?post=30424"}],"curies":[{"name":"wp","href":"https:\/\/api.w.org\/{rel}","templated":true}]}}