{"id":30416,"date":"2026-05-11T10:47:25","date_gmt":"2026-05-11T10:47:25","guid":{"rendered":"https:\/\/momentocipobolt.hu\/?post_type=product&#038;p=30416"},"modified":"2026-05-11T10:47:26","modified_gmt":"2026-05-11T10:47:26","slug":"tutto-bene-ezust-gumifuzos-felcipo","status":"publish","type":"product","link":"https:\/\/momentocipobolt.hu\/en\/product\/tutto-bene-ezust-gumifuzos-felcipo\/","title":{"rendered":"Tutto Bene silver rubber lace-up half shoe"},"content":{"rendered":"<p data-start=\"0\" data-end=\"26\"><strong data-start=\"0\" data-end=\"26\">Silver soft leather half shoes<\/strong><\/p>\n<p data-start=\"28\" data-end=\"380\">Comfortable and modern silver half-shoe in a soft leather material for all-day comfort. The practical rubber laces provide easy lacing and a perfect fit, while the extra flexible sole ensures a natural and effortless gait. Its comfortable insole further enhances the feeling of comfort, making it an ideal choice for everyday wear.<\/p>","protected":false},"excerpt":{"rendered":"<div class=\"\" data-turn-id-container=\"request-WEB:98ae578c-02fc-4258-9335-4e99b3278e2b-20\" data-is-intersecting=\"true\">\n<section class=\"text-token-text-primary w-full focus:outline-none [--shadow-height:45px] has-data-writing-block:pointer-events-none has-data-writing-block:-mt-(--shadow-height) has-data-writing-block:pt-(--shadow-height) [&amp;:has([data-writing-block])&gt;*]:pointer-events-auto R6Vx5W_threadScrollVars scroll-mb-[calc(var(--scroll-root-safe-area-inset-bottom,0px)+var(--thread-response-height))] scroll-mt-[calc(var(--header-height)+min(200px,max(70px,20svh)))]\" dir=\"auto\" data-turn-id=\"request-WEB:98ae578c-02fc-4258-9335-4e99b3278e2b-20\" data-testid=\"conversation-turn-42\" data-scroll-anchor=\"false\" data-turn=\"assistant\">\n<div class=\"text-base my-auto mx-auto pb-10 [--thread-content-margin:var(--thread-content-margin-xs,calc(var(--spacing)*4))] @w-sm\/main:[--thread-content-margin:var(--thread-content-margin-sm,calc(var(--spacing)*6))] @w-lg\/main:[--thread-content-margin:var(--thread-content-margin-lg,calc(var(--spacing)*16))] px-(--thread-content-margin)\">\n<div class=\"[--thread-content-max-width:40rem] @w-lg\/main:[--thread-content-max-width:48rem] mx-auto max-w-(--thread-content-max-width) flex-1 group\/turn-messages focus-visible:outline-hidden relative flex w-full min-w-0 flex-col agent-turn\">\n<div class=\"flex max-w-full flex-col gap-4 grow\">\n<div class=\"min-h-8 text-message relative flex w-full flex-col items-end gap-2 text-start break-words whitespace-normal outline-none keyboard-focused:focus-ring [.text-message+&amp;]:mt-1\" dir=\"auto\" tabindex=\"0\" data-message-author-role=\"assistant\" data-message-id=\"d6459e59-b15c-4eda-a4f6-aa7a86895d1c\" data-message-model-slug=\"gpt-5-5\" data-turn-start-message=\"true\">\n<div class=\"flex w-full flex-col gap-1 empty:hidden\">\n<div class=\"markdown prose dark:prose-invert wrap-break-word w-full light markdown-new-styling\">\n<ul data-start=\"400\" data-end=\"581\" data-is-last-node=\"\" data-is-only-node=\"\">\n<li data-section-id=\"1csy9a7\" data-start=\"400\" data-end=\"423\">Ez\u00fcst sz\u00edn\u0171 f\u00e9lcip\u0151<\/li>\n<li data-section-id=\"1o7riqi\" data-start=\"424\" data-end=\"446\">Puha b\u0151r fels\u0151r\u00e9sz<\/li>\n<li data-section-id=\"1f6prru\" data-start=\"447\" data-end=\"469\">Praktikus gumif\u0171z\u0151<\/li>\n<li data-section-id=\"1uj7esu\" data-start=\"470\" data-end=\"494\">Extra hajl\u00e9kony talp<\/li>\n<li data-section-id=\"1ryf8uv\" data-start=\"495\" data-end=\"517\">K\u00e9nyelmi talpbet\u00e9t<\/li>\n<li data-section-id=\"i5pyyx\" data-start=\"518\" data-end=\"549\">K\u00f6nny\u0171 \u00e9s komfortos viselet<\/li>\n<li data-section-id=\"f5x3ia\" data-start=\"550\" data-end=\"581\" data-is-last-node=\"\">Modern, h\u00e9tk\u00f6znapi megjelen\u00e9s<\/li>\n<\/ul>\n<\/div>\n<\/div>\n<\/div>\n<\/div>\n<div class=\"z-0 flex min-h-[46px] justify-start\"><\/div>\n<div class=\"mt-3 w-full empty:hidden\">\n<div class=\"text-center\"><\/div>\n<\/div>\n<\/div>\n<\/div>\n<\/section>\n<\/div>\n<div class=\"pointer-events-none -mt-px h-px translate-y-[calc(var(--scroll-root-safe-area-inset-bottom)-14*var(--spacing))]\" aria-hidden=\"true\"><\/div>\n","protected":false},"featured_media":30191,"comment_status":"closed","ping_status":"closed","template":"","meta":{"_seopress_robots_primary_cat":"","_seopress_titles_title":"","_seopress_titles_desc":"","_seopress_robots_index":""},"product_brand":[79],"product_cat":[92,90,91],"product_tag":[],"class_list":{"0":"post-30416","1":"product","2":"type-product","3":"status-publish","4":"has-post-thumbnail","6":"product_brand-tutto-bene-scarpe","7":"product_cat-felcipo","8":"product_cat-noi-cipo","9":"product_cat-noi-sneaker","11":"first","12":"instock","13":"shipping-taxable","14":"purchasable","15":"product-type-variable"},"_links":{"self":[{"href":"https:\/\/momentocipobolt.hu\/en\/wp-json\/wp\/v2\/product\/30416","targetHints":{"allow":["GET"]}}],"collection":[{"href":"https:\/\/momentocipobolt.hu\/en\/wp-json\/wp\/v2\/product"}],"about":[{"href":"https:\/\/momentocipobolt.hu\/en\/wp-json\/wp\/v2\/types\/product"}],"replies":[{"embeddable":true,"href":"https:\/\/momentocipobolt.hu\/en\/wp-json\/wp\/v2\/comments?post=30416"}],"version-history":[{"count":1,"href":"https:\/\/momentocipobolt.hu\/en\/wp-json\/wp\/v2\/product\/30416\/revisions"}],"predecessor-version":[{"id":30423,"href":"https:\/\/momentocipobolt.hu\/en\/wp-json\/wp\/v2\/product\/30416\/revisions\/30423"}],"wp:featuredmedia":[{"embeddable":true,"href":"https:\/\/momentocipobolt.hu\/en\/wp-json\/wp\/v2\/media\/30191"}],"wp:attachment":[{"href":"https:\/\/momentocipobolt.hu\/en\/wp-json\/wp\/v2\/media?parent=30416"}],"wp:term":[{"taxonomy":"product_brand","embeddable":true,"href":"https:\/\/momentocipobolt.hu\/en\/wp-json\/wp\/v2\/product_brand?post=30416"},{"taxonomy":"product_cat","embeddable":true,"href":"https:\/\/momentocipobolt.hu\/en\/wp-json\/wp\/v2\/product_cat?post=30416"},{"taxonomy":"product_tag","embeddable":true,"href":"https:\/\/momentocipobolt.hu\/en\/wp-json\/wp\/v2\/product_tag?post=30416"}],"curies":[{"name":"wp","href":"https:\/\/api.w.org\/{rel}","templated":true}]}}