{"id":30409,"date":"2026-05-11T10:04:09","date_gmt":"2026-05-11T10:04:09","guid":{"rendered":"https:\/\/momentocipobolt.hu\/?post_type=product&#038;p=30409"},"modified":"2026-05-11T10:04:10","modified_gmt":"2026-05-11T10:04:10","slug":"tutto-bene-ezust-gumipantos-felcipo","status":"publish","type":"product","link":"https:\/\/momentocipobolt.hu\/en\/product\/tutto-bene-ezust-gumipantos-felcipo\/","title":{"rendered":"Tutto Bene silver rubber strap half shoes"},"content":{"rendered":"<div class=\"\" data-turn-id-container=\"ba2adcbf-ae6e-40a3-a35a-59089a0d1332\" data-is-intersecting=\"true\"><\/div>\n<div class=\"\" data-turn-id-container=\"request-WEB:98ae578c-02fc-4258-9335-4e99b3278e2b-19\" data-is-intersecting=\"true\">\n<section class=\"text-token-text-primary w-full focus:outline-none [--shadow-height:45px] has-data-writing-block:pointer-events-none has-data-writing-block:-mt-(--shadow-height) has-data-writing-block:pt-(--shadow-height) [&amp;:has([data-writing-block])&gt;*]:pointer-events-auto R6Vx5W_threadScrollVars scroll-mb-[calc(var(--scroll-root-safe-area-inset-bottom,0px)+var(--thread-response-height))] scroll-mt-[calc(var(--header-height)+min(200px,max(70px,20svh)))]\" dir=\"auto\" data-turn-id=\"request-WEB:98ae578c-02fc-4258-9335-4e99b3278e2b-19\" data-testid=\"conversation-turn-40\" data-scroll-anchor=\"false\" data-turn=\"assistant\">\n<div class=\"text-base my-auto mx-auto pb-10 [--thread-content-margin:var(--thread-content-margin-xs,calc(var(--spacing)*4))] @w-sm\/main:[--thread-content-margin:var(--thread-content-margin-sm,calc(var(--spacing)*6))] @w-lg\/main:[--thread-content-margin:var(--thread-content-margin-lg,calc(var(--spacing)*16))] px-(--thread-content-margin)\">\n<div class=\"[--thread-content-max-width:40rem] @w-lg\/main:[--thread-content-max-width:48rem] mx-auto max-w-(--thread-content-max-width) flex-1 group\/turn-messages focus-visible:outline-hidden relative flex w-full min-w-0 flex-col agent-turn\">\n<div class=\"flex max-w-full flex-col gap-4 grow\">\n<div class=\"min-h-8 text-message relative flex w-full flex-col items-end gap-2 text-start break-words whitespace-normal outline-none keyboard-focused:focus-ring [.text-message+&amp;]:mt-1\" dir=\"auto\" tabindex=\"0\" data-message-author-role=\"assistant\" data-message-id=\"4f92ce7a-f31b-4d94-8aa2-9b3f20d0e05e\" data-message-model-slug=\"gpt-5-5\" data-turn-start-message=\"true\">\n<div class=\"flex w-full flex-col gap-1 empty:hidden\">\n<div class=\"markdown prose dark:prose-invert wrap-break-word w-full light markdown-new-styling\">\n<p data-start=\"0\" data-end=\"21\"><strong data-start=\"0\" data-end=\"21\">Ez\u00fcst b\u0151r f\u00e9lcip\u0151<\/strong><\/p>\n<p data-start=\"23\" data-end=\"388\">Modern \u00e9s k\u00e9nyelmes ez\u00fcst sz\u00edn\u0171 f\u00e9lcip\u0151, amely st\u00edlusos megjelen\u00e9s\u00e9vel k\u00f6nnyed\u00e9n feldobja a mindennapi szetteket. Min\u0151s\u00e9gi b\u0151r fels\u0151r\u00e9sze tart\u00f3s \u00e9s komfortos viseletet biztos\u00edt, m\u00edg a tetej\u00e9n tal\u00e1lhat\u00f3 gumip\u00e1nt praktikus \u00e9s k\u00e9nyelmes illeszked\u00e9st ny\u00fajt. Z\u00e1rt fels\u0151r\u00e9sz kialak\u00edt\u00e1sa eleg\u00e1ns hat\u00e1st kelt, a feh\u00e9r talp pedig sportosan modern megjelen\u00e9st ad a cip\u0151nek.<\/p>\n<\/div>\n<\/div>\n<\/div>\n<\/div>\n<\/div>\n<\/div>\n<\/section>\n<\/div>\n","protected":false},"excerpt":{"rendered":"<div class=\"\" data-turn-id-container=\"request-WEB:98ae578c-02fc-4258-9335-4e99b3278e2b-19\" data-is-intersecting=\"true\">\n<section class=\"text-token-text-primary w-full focus:outline-none [--shadow-height:45px] has-data-writing-block:pointer-events-none has-data-writing-block:-mt-(--shadow-height) has-data-writing-block:pt-(--shadow-height) [&amp;:has([data-writing-block])&gt;*]:pointer-events-auto R6Vx5W_threadScrollVars scroll-mb-[calc(var(--scroll-root-safe-area-inset-bottom,0px)+var(--thread-response-height))] scroll-mt-[calc(var(--header-height)+min(200px,max(70px,20svh)))]\" dir=\"auto\" data-turn-id=\"request-WEB:98ae578c-02fc-4258-9335-4e99b3278e2b-19\" data-testid=\"conversation-turn-40\" data-scroll-anchor=\"false\" data-turn=\"assistant\">\n<div class=\"text-base my-auto mx-auto pb-10 [--thread-content-margin:var(--thread-content-margin-xs,calc(var(--spacing)*4))] @w-sm\/main:[--thread-content-margin:var(--thread-content-margin-sm,calc(var(--spacing)*6))] @w-lg\/main:[--thread-content-margin:var(--thread-content-margin-lg,calc(var(--spacing)*16))] px-(--thread-content-margin)\">\n<div class=\"[--thread-content-max-width:40rem] @w-lg\/main:[--thread-content-max-width:48rem] mx-auto max-w-(--thread-content-max-width) flex-1 group\/turn-messages focus-visible:outline-hidden relative flex w-full min-w-0 flex-col agent-turn\">\n<div class=\"flex max-w-full flex-col gap-4 grow\">\n<div class=\"min-h-8 text-message relative flex w-full flex-col items-end gap-2 text-start break-words whitespace-normal outline-none keyboard-focused:focus-ring [.text-message+&amp;]:mt-1\" dir=\"auto\" tabindex=\"0\" data-message-author-role=\"assistant\" data-message-id=\"4f92ce7a-f31b-4d94-8aa2-9b3f20d0e05e\" data-message-model-slug=\"gpt-5-5\" data-turn-start-message=\"true\">\n<div class=\"flex w-full flex-col gap-1 empty:hidden\">\n<div class=\"markdown prose dark:prose-invert wrap-break-word w-full light markdown-new-styling\">\n<ul data-start=\"408\" data-end=\"615\" data-is-last-node=\"\" data-is-only-node=\"\">\n<li data-section-id=\"1csy9a7\" data-start=\"408\" data-end=\"431\">Ez\u00fcst sz\u00edn\u0171 f\u00e9lcip\u0151<\/li>\n<li data-section-id=\"mwb9cp\" data-start=\"432\" data-end=\"458\">Min\u0151s\u00e9gi b\u0151r fels\u0151r\u00e9sz<\/li>\n<li data-section-id=\"16he9z5\" data-start=\"459\" data-end=\"491\">Praktikus gumip\u00e1nt a tetej\u00e9n<\/li>\n<li data-section-id=\"11og5hg\" data-start=\"492\" data-end=\"521\">Z\u00e1rt fels\u0151r\u00e9sz kialak\u00edt\u00e1s<\/li>\n<li data-section-id=\"1ezfq7i\" data-start=\"522\" data-end=\"543\">Modern feh\u00e9r talp<\/li>\n<li data-section-id=\"1exi8fc\" data-start=\"544\" data-end=\"576\">K\u00e9nyelmes mindennapi viselet<\/li>\n<li data-section-id=\"69s18c\" data-start=\"577\" data-end=\"615\" data-is-last-node=\"\">Eleg\u00e1ns \u00e9s sportos megjelen\u00e9s egyben<\/li>\n<\/ul>\n<\/div>\n<\/div>\n<\/div>\n<\/div>\n<div class=\"z-0 flex min-h-[46px] justify-start\"><\/div>\n<div class=\"mt-3 w-full empty:hidden\">\n<div class=\"text-center\"><\/div>\n<\/div>\n<\/div>\n<\/div>\n<\/section>\n<\/div>\n<div class=\"pointer-events-none -mt-px h-px translate-y-[calc(var(--scroll-root-safe-area-inset-bottom)-14*var(--spacing))]\" aria-hidden=\"true\"><\/div>\n","protected":false},"featured_media":30188,"comment_status":"closed","ping_status":"closed","template":"","meta":{"_seopress_robots_primary_cat":"","_seopress_titles_title":"","_seopress_titles_desc":"","_seopress_robots_index":""},"product_brand":[79],"product_cat":[92,90,95],"product_tag":[],"class_list":{"0":"post-30409","1":"product","2":"type-product","3":"status-publish","4":"has-post-thumbnail","6":"product_brand-tutto-bene-scarpe","7":"product_cat-felcipo","8":"product_cat-noi-cipo","9":"product_cat-noi-slipon","11":"first","12":"instock","13":"shipping-taxable","14":"purchasable","15":"product-type-variable"},"_links":{"self":[{"href":"https:\/\/momentocipobolt.hu\/en\/wp-json\/wp\/v2\/product\/30409","targetHints":{"allow":["GET"]}}],"collection":[{"href":"https:\/\/momentocipobolt.hu\/en\/wp-json\/wp\/v2\/product"}],"about":[{"href":"https:\/\/momentocipobolt.hu\/en\/wp-json\/wp\/v2\/types\/product"}],"replies":[{"embeddable":true,"href":"https:\/\/momentocipobolt.hu\/en\/wp-json\/wp\/v2\/comments?post=30409"}],"version-history":[{"count":1,"href":"https:\/\/momentocipobolt.hu\/en\/wp-json\/wp\/v2\/product\/30409\/revisions"}],"predecessor-version":[{"id":30415,"href":"https:\/\/momentocipobolt.hu\/en\/wp-json\/wp\/v2\/product\/30409\/revisions\/30415"}],"wp:featuredmedia":[{"embeddable":true,"href":"https:\/\/momentocipobolt.hu\/en\/wp-json\/wp\/v2\/media\/30188"}],"wp:attachment":[{"href":"https:\/\/momentocipobolt.hu\/en\/wp-json\/wp\/v2\/media?parent=30409"}],"wp:term":[{"taxonomy":"product_brand","embeddable":true,"href":"https:\/\/momentocipobolt.hu\/en\/wp-json\/wp\/v2\/product_brand?post=30409"},{"taxonomy":"product_cat","embeddable":true,"href":"https:\/\/momentocipobolt.hu\/en\/wp-json\/wp\/v2\/product_cat?post=30409"},{"taxonomy":"product_tag","embeddable":true,"href":"https:\/\/momentocipobolt.hu\/en\/wp-json\/wp\/v2\/product_tag?post=30409"}],"curies":[{"name":"wp","href":"https:\/\/api.w.org\/{rel}","templated":true}]}}