{"id":30326,"date":"2026-05-09T12:41:07","date_gmt":"2026-05-09T12:41:07","guid":{"rendered":"https:\/\/momentocipobolt.hu\/?post_type=product&#038;p=30326"},"modified":"2026-05-09T12:48:37","modified_gmt":"2026-05-09T12:48:37","slug":"pegada-arany-sneaker","status":"publish","type":"product","link":"https:\/\/momentocipobolt.hu\/en\/product\/pegada-arany-sneaker\/","title":{"rendered":"Pegada gold sneaker"},"content":{"rendered":"<p data-start=\"0\" data-end=\"27\"><strong data-start=\"0\" data-end=\"27\">Gold leather sneaker<\/strong><\/p>\n<p data-start=\"29\" data-end=\"354\">A trendy and comfortable gold sneaker that will easily dress up casual outfits with its modern look. The quality leather upper provides a durable and comfortable wear, while the special insole provides extra comfort all day long. The lace-up design provides a stable hold, making it the perfect choice for everyday wear.<\/p>","protected":false},"excerpt":{"rendered":"<div class=\"\" data-turn-id-container=\"request-WEB:98ae578c-02fc-4258-9335-4e99b3278e2b-8\" data-is-intersecting=\"true\">\n<section class=\"text-token-text-primary w-full focus:outline-none [--shadow-height:45px] has-data-writing-block:pointer-events-none has-data-writing-block:-mt-(--shadow-height) has-data-writing-block:pt-(--shadow-height) [&amp;:has([data-writing-block])&gt;*]:pointer-events-auto R6Vx5W_threadScrollVars scroll-mb-[calc(var(--scroll-root-safe-area-inset-bottom,0px)+var(--thread-response-height))] scroll-mt-[calc(var(--header-height)+min(200px,max(70px,20svh)))]\" dir=\"auto\" data-turn-id=\"request-WEB:98ae578c-02fc-4258-9335-4e99b3278e2b-8\" data-testid=\"conversation-turn-18\" data-scroll-anchor=\"false\" data-turn=\"assistant\">\n<div class=\"text-base my-auto mx-auto pb-10 [--thread-content-margin:var(--thread-content-margin-xs,calc(var(--spacing)*4))] @w-sm\/main:[--thread-content-margin:var(--thread-content-margin-sm,calc(var(--spacing)*6))] @w-lg\/main:[--thread-content-margin:var(--thread-content-margin-lg,calc(var(--spacing)*16))] px-(--thread-content-margin)\">\n<div class=\"[--thread-content-max-width:40rem] @w-lg\/main:[--thread-content-max-width:48rem] mx-auto max-w-(--thread-content-max-width) flex-1 group\/turn-messages focus-visible:outline-hidden relative flex w-full min-w-0 flex-col agent-turn\">\n<div class=\"flex max-w-full flex-col gap-4 grow\">\n<div class=\"min-h-8 text-message relative flex w-full flex-col items-end gap-2 text-start break-words whitespace-normal outline-none keyboard-focused:focus-ring [.text-message+&amp;]:mt-1\" dir=\"auto\" tabindex=\"0\" data-message-author-role=\"assistant\" data-message-id=\"9d7c49d0-37c3-45ff-8cfc-cd9be26b8760\" data-message-model-slug=\"gpt-5-5\" data-turn-start-message=\"true\">\n<div class=\"flex w-full flex-col gap-1 empty:hidden\">\n<div class=\"markdown prose dark:prose-invert wrap-break-word w-full light markdown-new-styling\">\n<ul data-start=\"374\" data-end=\"592\" data-is-last-node=\"\" data-is-only-node=\"\">\n<li data-section-id=\"1krwvsj\" data-start=\"374\" data-end=\"397\">Arany sz\u00edn\u0171 sneaker<\/li>\n<li data-section-id=\"mwb9cp\" data-start=\"398\" data-end=\"424\">Min\u0151s\u00e9gi b\u0151r fels\u0151r\u00e9sz<\/li>\n<li data-section-id=\"1t3t5sv\" data-start=\"425\" data-end=\"459\">Speci\u00e1lis, k\u00e9nyelmes talpbet\u00e9t<\/li>\n<li data-section-id=\"1cydmuh\" data-start=\"460\" data-end=\"480\">F\u0171z\u0151s kialak\u00edt\u00e1s<\/li>\n<li data-section-id=\"1ayi7bt\" data-start=\"481\" data-end=\"514\">Komfortos, mindennapi viselet<\/li>\n<li data-section-id=\"1iwyyng\" data-start=\"515\" data-end=\"548\">Modern \u00e9s st\u00edlusos megjelen\u00e9s<\/li>\n<li data-section-id=\"16qj26s\" data-start=\"549\" data-end=\"592\" data-is-last-node=\"\">K\u00f6nnyen kombin\u00e1lhat\u00f3 k\u00fcl\u00f6nb\u00f6z\u0151 szettekkel<\/li>\n<\/ul>\n<\/div>\n<\/div>\n<\/div>\n<\/div>\n<div class=\"z-0 flex min-h-[46px] justify-start\"><\/div>\n<div class=\"mt-3 w-full empty:hidden\">\n<div class=\"text-center\"><\/div>\n<\/div>\n<\/div>\n<\/div>\n<\/section>\n<\/div>\n<div class=\"pointer-events-none -mt-px h-px translate-y-[calc(var(--scroll-root-safe-area-inset-bottom)-14*var(--spacing))]\" aria-hidden=\"true\"><\/div>\n","protected":false},"featured_media":30159,"comment_status":"closed","ping_status":"closed","template":"","meta":{"_seopress_robots_primary_cat":"none","_seopress_titles_title":"","_seopress_titles_desc":"","_seopress_robots_index":""},"product_brand":[81],"product_cat":[92,90,91],"product_tag":[],"class_list":{"0":"post-30326","1":"product","2":"type-product","3":"status-publish","4":"has-post-thumbnail","6":"product_brand-pegada","7":"product_cat-felcipo","8":"product_cat-noi-cipo","9":"product_cat-noi-sneaker","11":"first","12":"instock","13":"shipping-taxable","14":"purchasable","15":"product-type-variable"},"_links":{"self":[{"href":"https:\/\/momentocipobolt.hu\/en\/wp-json\/wp\/v2\/product\/30326","targetHints":{"allow":["GET"]}}],"collection":[{"href":"https:\/\/momentocipobolt.hu\/en\/wp-json\/wp\/v2\/product"}],"about":[{"href":"https:\/\/momentocipobolt.hu\/en\/wp-json\/wp\/v2\/types\/product"}],"replies":[{"embeddable":true,"href":"https:\/\/momentocipobolt.hu\/en\/wp-json\/wp\/v2\/comments?post=30326"}],"version-history":[{"count":1,"href":"https:\/\/momentocipobolt.hu\/en\/wp-json\/wp\/v2\/product\/30326\/revisions"}],"predecessor-version":[{"id":30335,"href":"https:\/\/momentocipobolt.hu\/en\/wp-json\/wp\/v2\/product\/30326\/revisions\/30335"}],"wp:featuredmedia":[{"embeddable":true,"href":"https:\/\/momentocipobolt.hu\/en\/wp-json\/wp\/v2\/media\/30159"}],"wp:attachment":[{"href":"https:\/\/momentocipobolt.hu\/en\/wp-json\/wp\/v2\/media?parent=30326"}],"wp:term":[{"taxonomy":"product_brand","embeddable":true,"href":"https:\/\/momentocipobolt.hu\/en\/wp-json\/wp\/v2\/product_brand?post=30326"},{"taxonomy":"product_cat","embeddable":true,"href":"https:\/\/momentocipobolt.hu\/en\/wp-json\/wp\/v2\/product_cat?post=30326"},{"taxonomy":"product_tag","embeddable":true,"href":"https:\/\/momentocipobolt.hu\/en\/wp-json\/wp\/v2\/product_tag?post=30326"}],"curies":[{"name":"wp","href":"https:\/\/api.w.org\/{rel}","templated":true}]}}