{"id":30227,"date":"2026-05-07T10:55:48","date_gmt":"2026-05-07T10:55:48","guid":{"rendered":"https:\/\/momentocipobolt.hu\/?post_type=product&#038;p=30227"},"modified":"2026-05-07T11:27:05","modified_gmt":"2026-05-07T11:27:05","slug":"filippo-bezs-fuzos-sportcipo","status":"publish","type":"product","link":"https:\/\/momentocipobolt.hu\/en\/product\/filippo-bezs-fuzos-sportcipo\/","title":{"rendered":"Filippo beige fusion sneakers"},"content":{"rendered":"<h3 data-section-id=\"1qsf1b8\" data-start=\"0\" data-end=\"22\">Beige leather sports shoes<\/h3>\n<p data-start=\"24\" data-end=\"216\">Clean style and all-day comfort in one shoe. This beige leather sneaker is the perfect choice for everyday wear, as it can be easily paired with both sporty and casual outfits.<\/p>\n<p data-start=\"218\" data-end=\"418\">Its soft leather upper provides comfortable wear, while the sporty design and lightweight sole ensure comfortable steps all day long. A practical and fashionable piece that can be the foundation of any wardrobe.<\/p>","protected":false},"excerpt":{"rendered":"<div class=\"relative basis-auto flex-col -mb-(--composer-overlap-px) pb-(--composer-overlap-px) [--composer-overlap-px:28px] grow flex\">\n<div class=\"flex flex-col text-sm\">\n<div class=\"\" data-turn-id-container=\"request-WEB:cac80cba-ece7-4807-8505-e08929291e6c-1\" data-is-intersecting=\"true\">\n<section class=\"text-token-text-primary w-full focus:outline-none [--shadow-height:45px] has-data-writing-block:pointer-events-none has-data-writing-block:-mt-(--shadow-height) has-data-writing-block:pt-(--shadow-height) [&amp;:has([data-writing-block])&gt;*]:pointer-events-auto R6Vx5W_threadScrollVars scroll-mb-[calc(var(--scroll-root-safe-area-inset-bottom,0px)+var(--thread-response-height))] scroll-mt-[calc(var(--header-height)+min(200px,max(70px,20svh)))]\" dir=\"auto\" data-turn-id=\"request-WEB:cac80cba-ece7-4807-8505-e08929291e6c-1\" data-testid=\"conversation-turn-4\" data-scroll-anchor=\"false\" data-turn=\"assistant\">\n<div class=\"text-base my-auto mx-auto pb-10 [--thread-content-margin:var(--thread-content-margin-xs,calc(var(--spacing)*4))] @w-sm\/main:[--thread-content-margin:var(--thread-content-margin-sm,calc(var(--spacing)*6))] @w-lg\/main:[--thread-content-margin:var(--thread-content-margin-lg,calc(var(--spacing)*16))] px-(--thread-content-margin)\">\n<div class=\"[--thread-content-max-width:40rem] @w-lg\/main:[--thread-content-max-width:48rem] mx-auto max-w-(--thread-content-max-width) flex-1 group\/turn-messages focus-visible:outline-hidden relative flex w-full min-w-0 flex-col agent-turn\">\n<div class=\"flex max-w-full flex-col gap-4 grow\">\n<div class=\"min-h-8 text-message relative flex w-full flex-col items-end gap-2 text-start break-words whitespace-normal outline-none keyboard-focused:focus-ring [.text-message+&amp;]:mt-1\" dir=\"auto\" tabindex=\"0\" data-message-author-role=\"assistant\" data-message-id=\"13de9e08-99ab-47f9-a2d3-9e502c4d08d1\" data-message-model-slug=\"gpt-5-5\" data-turn-start-message=\"true\">\n<div class=\"flex w-full flex-col gap-1 empty:hidden\">\n<div class=\"markdown prose dark:prose-invert w-full wrap-break-word light markdown-new-styling\">\n<ul data-start=\"440\" data-end=\"575\">\n<li data-section-id=\"mwb9cp\" data-start=\"440\" data-end=\"466\">Min\u0151s\u00e9gi b\u0151r fels\u0151r\u00e9sz<\/li>\n<li data-section-id=\"s5l0uq\" data-start=\"467\" data-end=\"488\">Divatos b\u00e9zs sz\u00edn<\/li>\n<li data-section-id=\"blg3c5\" data-start=\"489\" data-end=\"516\">K\u00e9nyelmes sportos fazon<\/li>\n<li data-section-id=\"slm1je\" data-start=\"517\" data-end=\"542\">K\u00f6nny\u0171, rugalmas talp<\/li>\n<li data-section-id=\"1g75zc7\" data-start=\"543\" data-end=\"575\">Mindennapi viseletre ide\u00e1lis<\/li>\n<\/ul>\n<p data-start=\"577\" data-end=\"633\" data-is-last-node=\"\" data-is-only-node=\"\">St\u00edlusos megjelen\u00e9s kompromisszumok n\u00e9lk\u00fcli k\u00e9nyelemmel.<\/p>\n<\/div>\n<\/div>\n<\/div>\n<\/div>\n<\/div>\n<\/div>\n<\/section>\n<\/div>\n<\/div>\n<\/div>\n","protected":false},"featured_media":30126,"comment_status":"closed","ping_status":"closed","template":"","meta":{"_seopress_robots_primary_cat":"none","_seopress_titles_title":"","_seopress_titles_desc":"","_seopress_robots_index":""},"product_brand":[82],"product_cat":[92,90,91],"product_tag":[],"class_list":{"0":"post-30227","1":"product","2":"type-product","3":"status-publish","4":"has-post-thumbnail","6":"product_brand-filippo","7":"product_cat-felcipo","8":"product_cat-noi-cipo","9":"product_cat-noi-sneaker","11":"first","12":"instock","13":"shipping-taxable","14":"purchasable","15":"product-type-variable"},"_links":{"self":[{"href":"https:\/\/momentocipobolt.hu\/en\/wp-json\/wp\/v2\/product\/30227","targetHints":{"allow":["GET"]}}],"collection":[{"href":"https:\/\/momentocipobolt.hu\/en\/wp-json\/wp\/v2\/product"}],"about":[{"href":"https:\/\/momentocipobolt.hu\/en\/wp-json\/wp\/v2\/types\/product"}],"replies":[{"embeddable":true,"href":"https:\/\/momentocipobolt.hu\/en\/wp-json\/wp\/v2\/comments?post=30227"}],"version-history":[{"count":1,"href":"https:\/\/momentocipobolt.hu\/en\/wp-json\/wp\/v2\/product\/30227\/revisions"}],"predecessor-version":[{"id":30235,"href":"https:\/\/momentocipobolt.hu\/en\/wp-json\/wp\/v2\/product\/30227\/revisions\/30235"}],"wp:featuredmedia":[{"embeddable":true,"href":"https:\/\/momentocipobolt.hu\/en\/wp-json\/wp\/v2\/media\/30126"}],"wp:attachment":[{"href":"https:\/\/momentocipobolt.hu\/en\/wp-json\/wp\/v2\/media?parent=30227"}],"wp:term":[{"taxonomy":"product_brand","embeddable":true,"href":"https:\/\/momentocipobolt.hu\/en\/wp-json\/wp\/v2\/product_brand?post=30227"},{"taxonomy":"product_cat","embeddable":true,"href":"https:\/\/momentocipobolt.hu\/en\/wp-json\/wp\/v2\/product_cat?post=30227"},{"taxonomy":"product_tag","embeddable":true,"href":"https:\/\/momentocipobolt.hu\/en\/wp-json\/wp\/v2\/product_tag?post=30227"}],"curies":[{"name":"wp","href":"https:\/\/api.w.org\/{rel}","templated":true}]}}