{"id":30060,"date":"2025-12-12T17:47:35","date_gmt":"2025-12-12T17:47:35","guid":{"rendered":"https:\/\/momentocipobolt.hu\/?post_type=product&#038;p=30060"},"modified":"2026-02-05T09:51:56","modified_gmt":"2026-02-05T09:51:56","slug":"u-s-polo-szurke-magasszaru-sportcipo","status":"publish","type":"product","link":"https:\/\/momentocipobolt.hu\/en\/product\/u-s-polo-szurke-magasszaru-sportcipo\/","title":{"rendered":"U.S. Polo grey high-top sneakers"},"content":{"rendered":"<p data-start=\"52\" data-end=\"141\"><strong data-start=\"52\" data-end=\"141\">U.S. Polo Assn. gray high-top sneakers \u2013 with fur trim, thin thermal lining<\/strong><\/p>\n<p data-start=\"143\" data-end=\"473\">This piece brings the sporty elegance of U.S. Polo Assn. <strong data-start=\"196\" data-end=\"228\">gray, high-top sneakers<\/strong>, which is the perfect choice for cooler days. The upper part is spectacular <strong data-start=\"298\" data-end=\"319\">fur decoration<\/strong> gives the shoe a trendy and soft look, while the <strong data-start=\"372\" data-end=\"395\">thin thermal lining<\/strong> provides pleasant warmth without feeling too thick.<\/p>\n<p data-start=\"475\" data-end=\"710\">A <strong data-start=\"477\" data-end=\"497\">lace-up design<\/strong> provides stable support that adapts to the foot, making the shoe both practical and comfortable for everyday wear. Its modern, clean color scheme makes it easy to combine with any sporty or casual outfit.<\/p>","protected":false},"excerpt":{"rendered":"<article class=\"text-token-text-primary w-full focus:outline-none [--shadow-height:45px] has-data-writing-block:pointer-events-none has-data-writing-block:-mt-(--shadow-height) has-data-writing-block:pt-(--shadow-height) [&amp;:has([data-writing-block])&gt;*]:pointer-events-auto [content-visibility:auto] supports-[content-visibility:auto]:[contain-intrinsic-size:auto_100lvh] scroll-mt-[calc(var(--header-height)+min(200px,max(70px,20svh)))]\" dir=\"auto\" tabindex=\"-1\" data-turn-id=\"request-WEB:f1dde857-f401-4c65-87f5-3c05ea6555f8-17\" data-testid=\"conversation-turn-37\" data-scroll-anchor=\"true\" data-turn=\"assistant\">\n<div class=\"text-base my-auto mx-auto pb-10 [--thread-content-margin:--spacing(4)] thread-sm:[--thread-content-margin:--spacing(6)] thread-lg:[--thread-content-margin:--spacing(16)] px-(--thread-content-margin)\">\n<div class=\"[--thread-content-max-width:40rem] thread-lg:[--thread-content-max-width:48rem] mx-auto max-w-(--thread-content-max-width) flex-1 group\/turn-messages focus-visible:outline-hidden relative flex w-full min-w-0 flex-col agent-turn\" tabindex=\"-1\">\n<div class=\"flex max-w-full flex-col grow\">\n<div class=\"min-h-8 text-message relative flex w-full flex-col items-end gap-2 text-start break-words whitespace-normal [.text-message+&amp;]:mt-1\" dir=\"auto\" data-message-author-role=\"assistant\" data-message-id=\"8aea3de0-a936-4b18-8e77-ab6816d0460d\" data-message-model-slug=\"gpt-5-1\">\n<div class=\"flex w-full flex-col gap-1 empty:hidden first:pt-[1px]\">\n<div class=\"markdown prose dark:prose-invert w-full break-words light markdown-new-styling\">\n<ul data-start=\"734\" data-end=\"951\">\n<li data-start=\"734\" data-end=\"770\">\n<p data-start=\"736\" data-end=\"770\">Sz\u00fcrke, divatos magassz\u00e1r\u00fa fazon<\/p>\n<\/li>\n<li data-start=\"771\" data-end=\"817\">\n<p data-start=\"773\" data-end=\"817\">Puha hat\u00e1s\u00fa sz\u0151rm\u00e9s d\u00edsz\u00edt\u00e9s a fels\u0151r\u00e9szen<\/p>\n<\/li>\n<li data-start=\"818\" data-end=\"864\">\n<p data-start=\"820\" data-end=\"864\">V\u00e9kony thermo b\u00e9l\u00e9s a kellemes melegs\u00e9g\u00e9rt<\/p>\n<\/li>\n<li data-start=\"865\" data-end=\"909\">\n<p data-start=\"867\" data-end=\"909\">F\u0171z\u0151s kialak\u00edt\u00e1s a stabil illeszked\u00e9s\u00e9rt<\/p>\n<\/li>\n<li data-start=\"910\" data-end=\"951\">\n<p data-start=\"912\" data-end=\"951\">K\u00e9nyelmes, sportos mindennapi viselet<\/p>\n<\/li>\n<\/ul>\n<p data-start=\"953\" data-end=\"1039\" data-is-last-node=\"\" data-is-only-node=\"\">Praktikus, meleg \u00e9s trendi cip\u0151, amely a st\u00edlusos t\u00e9li outfitek elengedhetetlen eleme.<\/p>\n<\/div>\n<\/div>\n<\/div>\n<\/div>\n<div class=\"z-0 flex min-h-[46px] justify-start\"><\/div>\n<div class=\"mt-3 w-full empty:hidden\">\n<div class=\"text-center\"><\/div>\n<\/div>\n<\/div>\n<\/div>\n<\/article>\n<div class=\"pointer-events-none h-px w-px\" aria-hidden=\"true\" data-edge=\"true\"><\/div>\n","protected":false},"featured_media":30068,"comment_status":"closed","ping_status":"closed","template":"","meta":{"_seopress_robots_primary_cat":"","_seopress_titles_title":"","_seopress_titles_desc":"","_seopress_robots_index":""},"product_brand":[111],"product_cat":[90,93],"product_tag":[],"class_list":{"0":"post-30060","1":"product","2":"type-product","3":"status-publish","4":"has-post-thumbnail","6":"product_brand-u-s-polo","7":"product_cat-noi-cipo","8":"product_cat-noi-magasszaru","10":"first","11":"instock","12":"shipping-taxable","13":"purchasable","14":"product-type-variable"},"_links":{"self":[{"href":"https:\/\/momentocipobolt.hu\/en\/wp-json\/wp\/v2\/product\/30060","targetHints":{"allow":["GET"]}}],"collection":[{"href":"https:\/\/momentocipobolt.hu\/en\/wp-json\/wp\/v2\/product"}],"about":[{"href":"https:\/\/momentocipobolt.hu\/en\/wp-json\/wp\/v2\/types\/product"}],"replies":[{"embeddable":true,"href":"https:\/\/momentocipobolt.hu\/en\/wp-json\/wp\/v2\/comments?post=30060"}],"version-history":[{"count":1,"href":"https:\/\/momentocipobolt.hu\/en\/wp-json\/wp\/v2\/product\/30060\/revisions"}],"predecessor-version":[{"id":30072,"href":"https:\/\/momentocipobolt.hu\/en\/wp-json\/wp\/v2\/product\/30060\/revisions\/30072"}],"wp:featuredmedia":[{"embeddable":true,"href":"https:\/\/momentocipobolt.hu\/en\/wp-json\/wp\/v2\/media\/30068"}],"wp:attachment":[{"href":"https:\/\/momentocipobolt.hu\/en\/wp-json\/wp\/v2\/media?parent=30060"}],"wp:term":[{"taxonomy":"product_brand","embeddable":true,"href":"https:\/\/momentocipobolt.hu\/en\/wp-json\/wp\/v2\/product_brand?post=30060"},{"taxonomy":"product_cat","embeddable":true,"href":"https:\/\/momentocipobolt.hu\/en\/wp-json\/wp\/v2\/product_cat?post=30060"},{"taxonomy":"product_tag","embeddable":true,"href":"https:\/\/momentocipobolt.hu\/en\/wp-json\/wp\/v2\/product_tag?post=30060"}],"curies":[{"name":"wp","href":"https:\/\/api.w.org\/{rel}","templated":true}]}}