{"id":30025,"date":"2025-12-12T12:34:07","date_gmt":"2025-12-12T12:34:07","guid":{"rendered":"https:\/\/momentocipobolt.hu\/?post_type=product&#038;p=30025"},"modified":"2025-12-12T17:51:45","modified_gmt":"2025-12-12T17:51:45","slug":"lola-cruz-fekete-csizma","status":"publish","type":"product","link":"https:\/\/momentocipobolt.hu\/en\/product\/lola-cruz-fekete-csizma\/","title":{"rendered":"Lola Cruz black boots"},"content":{"rendered":"<p data-start=\"52\" data-end=\"155\"><strong data-start=\"52\" data-end=\"155\">Lola Cruz Spanish black leather boots \u2013 sporty boots with soles and fold-down tops that reach above the knee<\/strong><\/p>\n<p data-start=\"157\" data-end=\"429\">This special piece combines Lola Cruz's modern Spanish style with premium quality. <strong data-start=\"239\" data-end=\"268\">black, genuine leather boots<\/strong>, which is both sporty and elegant. The <strong data-start=\"308\" data-end=\"339\">boots, sturdy soles<\/strong> gives a decisive, stylish appearance while ensuring stable support and comfortable walking.<\/p>\n<p data-start=\"431\" data-end=\"734\">The most distinctive feature of the boot is the <strong data-start=\"465\" data-end=\"494\">high, above-the-knee shaft<\/strong>, which, upon request, <strong data-start=\"516\" data-end=\"534\">foldable<\/strong>, so it can be worn in two different styles: as sleek, long boots or as trendy, folded-down boots. The <strong data-start=\"639\" data-end=\"657\">side zip<\/strong> facilitates recording, making it practical and ideal for everyday use.<\/p>","protected":false},"excerpt":{"rendered":"<article class=\"text-token-text-primary w-full focus:outline-none [--shadow-height:45px] has-data-writing-block:pointer-events-none has-data-writing-block:-mt-(--shadow-height) has-data-writing-block:pt-(--shadow-height) [&amp;:has([data-writing-block])&gt;*]:pointer-events-auto [content-visibility:auto] supports-[content-visibility:auto]:[contain-intrinsic-size:auto_100lvh] scroll-mt-[calc(var(--header-height)+min(200px,max(70px,20svh)))]\" dir=\"auto\" tabindex=\"-1\" data-turn-id=\"b934b9ff-0a4b-4f98-860e-baa608766fc0\" data-testid=\"conversation-turn-29\" data-scroll-anchor=\"true\" data-turn=\"assistant\">\n<div class=\"text-base my-auto mx-auto pb-10 [--thread-content-margin:--spacing(4)] thread-sm:[--thread-content-margin:--spacing(6)] thread-lg:[--thread-content-margin:--spacing(16)] px-(--thread-content-margin)\">\n<div class=\"[--thread-content-max-width:40rem] thread-lg:[--thread-content-max-width:48rem] mx-auto max-w-(--thread-content-max-width) flex-1 group\/turn-messages focus-visible:outline-hidden relative flex w-full min-w-0 flex-col agent-turn\" tabindex=\"-1\">\n<div class=\"flex max-w-full flex-col grow\">\n<div class=\"min-h-8 text-message relative flex w-full flex-col items-end gap-2 text-start break-words whitespace-normal [.text-message+&amp;]:mt-1\" dir=\"auto\" data-message-author-role=\"assistant\" data-message-id=\"a483b988-b929-427b-9cba-f5601afab8cb\" data-message-model-slug=\"gpt-5-1\">\n<div class=\"flex w-full flex-col gap-1 empty:hidden first:pt-[1px]\">\n<div class=\"markdown prose dark:prose-invert w-full break-words light markdown-new-styling\">\n<ul data-start=\"758\" data-end=\"1021\">\n<li data-start=\"758\" data-end=\"800\">\n<p data-start=\"760\" data-end=\"800\">Pr\u00e9mium min\u0151s\u00e9g\u0171, val\u00f3di b\u0151r fels\u0151r\u00e9sz<\/p>\n<\/li>\n<li data-start=\"801\" data-end=\"827\">\n<p data-start=\"803\" data-end=\"827\">Klasszikus fekete sz\u00edn<\/p>\n<\/li>\n<li data-start=\"828\" data-end=\"874\">\n<p data-start=\"830\" data-end=\"874\">Sportos, bakancs jelleg\u0171, massz\u00edv talpr\u00e9sz<\/p>\n<\/li>\n<li data-start=\"875\" data-end=\"935\">\n<p data-start=\"877\" data-end=\"935\">Magas, t\u00e9rd f\u00f6l\u00e9 \u00e9r\u0151 sz\u00e1r \u2013 visszahajthat\u00f3 kialak\u00edt\u00e1ssal<\/p>\n<\/li>\n<li data-start=\"936\" data-end=\"982\">\n<p data-start=\"938\" data-end=\"982\">Oldals\u00f3 cipz\u00e1r a k\u00f6nny\u0171 fel- \u00e9s lev\u00e9tel\u00e9rt<\/p>\n<\/li>\n<li data-start=\"983\" data-end=\"1021\">\n<p data-start=\"985\" data-end=\"1021\">Spanyol design \u2013 Lola Cruz min\u0151s\u00e9g<\/p>\n<\/li>\n<\/ul>\n<p data-start=\"1023\" data-end=\"1135\" data-is-last-node=\"\" data-is-only-node=\"\">K\u00fcl\u00f6nleges, trendi \u00e9s sokoldal\u00fa csizma, amely garant\u00e1ltan l\u00e1tv\u00e1nyos eleme lesz minden \u0151szi-t\u00e9li \u00f6ssze\u00e1ll\u00edt\u00e1snak.<\/p>\n<\/div>\n<\/div>\n<\/div>\n<\/div>\n<div class=\"z-0 flex min-h-[46px] justify-start\"><\/div>\n<\/div>\n<\/div>\n<\/article>\n","protected":false},"featured_media":29991,"comment_status":"closed","ping_status":"closed","template":"","meta":{"_seopress_robots_primary_cat":"none","_seopress_titles_title":"","_seopress_titles_desc":"","_seopress_robots_index":""},"product_brand":[110],"product_cat":[90,93],"product_tag":[],"class_list":{"0":"post-30025","1":"product","2":"type-product","3":"status-publish","4":"has-post-thumbnail","6":"product_brand-lolacruz","7":"product_cat-noi-cipo","8":"product_cat-noi-magasszaru","10":"first","11":"instock","12":"shipping-taxable","13":"purchasable","14":"product-type-variable"},"_links":{"self":[{"href":"https:\/\/momentocipobolt.hu\/en\/wp-json\/wp\/v2\/product\/30025","targetHints":{"allow":["GET"]}}],"collection":[{"href":"https:\/\/momentocipobolt.hu\/en\/wp-json\/wp\/v2\/product"}],"about":[{"href":"https:\/\/momentocipobolt.hu\/en\/wp-json\/wp\/v2\/types\/product"}],"replies":[{"embeddable":true,"href":"https:\/\/momentocipobolt.hu\/en\/wp-json\/wp\/v2\/comments?post=30025"}],"version-history":[{"count":1,"href":"https:\/\/momentocipobolt.hu\/en\/wp-json\/wp\/v2\/product\/30025\/revisions"}],"predecessor-version":[{"id":30030,"href":"https:\/\/momentocipobolt.hu\/en\/wp-json\/wp\/v2\/product\/30025\/revisions\/30030"}],"wp:featuredmedia":[{"embeddable":true,"href":"https:\/\/momentocipobolt.hu\/en\/wp-json\/wp\/v2\/media\/29991"}],"wp:attachment":[{"href":"https:\/\/momentocipobolt.hu\/en\/wp-json\/wp\/v2\/media?parent=30025"}],"wp:term":[{"taxonomy":"product_brand","embeddable":true,"href":"https:\/\/momentocipobolt.hu\/en\/wp-json\/wp\/v2\/product_brand?post=30025"},{"taxonomy":"product_cat","embeddable":true,"href":"https:\/\/momentocipobolt.hu\/en\/wp-json\/wp\/v2\/product_cat?post=30025"},{"taxonomy":"product_tag","embeddable":true,"href":"https:\/\/momentocipobolt.hu\/en\/wp-json\/wp\/v2\/product_tag?post=30025"}],"curies":[{"name":"wp","href":"https:\/\/api.w.org\/{rel}","templated":true}]}}