{"id":30015,"date":"2025-12-12T12:18:10","date_gmt":"2025-12-12T12:18:10","guid":{"rendered":"https:\/\/momentocipobolt.hu\/?post_type=product&#038;p=30015"},"modified":"2025-12-12T12:18:10","modified_gmt":"2025-12-12T12:18:10","slug":"lolacruz-vastag-talpu-kek-bokacsizma","status":"publish","type":"product","link":"https:\/\/momentocipobolt.hu\/en\/product\/lolacruz-vastag-talpu-kek-bokacsizma\/","title":{"rendered":"Lolacruz thick-soled blue ankle boots"},"content":{"rendered":"<p data-start=\"52\" data-end=\"120\"><strong data-start=\"52\" data-end=\"120\">Lola Cruz leather, thick-soled blue ankle boots \u2013 high block heel<\/strong><\/p>\n<p data-start=\"122\" data-end=\"354\">Lola Cruz brings the perfect harmony of Spanish elegance and modern design with this unique <strong data-start=\"225\" data-end=\"264\">blue genuine leather ankle boots<\/strong>. Its unique shade and premium material make it a distinctive yet easy-to-combine piece.<\/p>\n<p data-start=\"356\" data-end=\"647\">A <strong data-start=\"358\" data-end=\"377\">thick sole<\/strong> provides comfortable walking while adding extra style to your look. The <strong data-start=\"450\" data-end=\"479\">high, stable cube corner<\/strong> lends elegant lines and provides a confident stance. The <strong data-start=\"541\" data-end=\"559\">side zip<\/strong> guarantees practical wear, making the boots not only eye-catching but also comfortable.<\/p>","protected":false},"excerpt":{"rendered":"<article class=\"text-token-text-primary w-full focus:outline-none [--shadow-height:45px] has-data-writing-block:pointer-events-none has-data-writing-block:-mt-(--shadow-height) has-data-writing-block:pt-(--shadow-height) [&amp;:has([data-writing-block])&gt;*]:pointer-events-auto [content-visibility:auto] supports-[content-visibility:auto]:[contain-intrinsic-size:auto_100lvh] scroll-mt-[calc(var(--header-height)+min(200px,max(70px,20svh)))]\" dir=\"auto\" tabindex=\"-1\" data-turn-id=\"request-WEB:f1dde857-f401-4c65-87f5-3c05ea6555f8-10\" data-testid=\"conversation-turn-22\" data-scroll-anchor=\"true\" data-turn=\"assistant\">\n<div class=\"text-base my-auto mx-auto pb-10 [--thread-content-margin:--spacing(4)] thread-sm:[--thread-content-margin:--spacing(6)] thread-lg:[--thread-content-margin:--spacing(16)] px-(--thread-content-margin)\">\n<div class=\"[--thread-content-max-width:40rem] thread-lg:[--thread-content-max-width:48rem] mx-auto max-w-(--thread-content-max-width) flex-1 group\/turn-messages focus-visible:outline-hidden relative flex w-full min-w-0 flex-col agent-turn\" tabindex=\"-1\">\n<div class=\"flex max-w-full flex-col grow\">\n<div class=\"min-h-8 text-message relative flex w-full flex-col items-end gap-2 text-start break-words whitespace-normal [.text-message+&amp;]:mt-1\" dir=\"auto\" data-message-author-role=\"assistant\" data-message-id=\"94b75da0-b9cd-438e-985b-90dcef384ef1\" data-message-model-slug=\"gpt-5-1\">\n<div class=\"flex w-full flex-col gap-1 empty:hidden first:pt-[1px]\">\n<div class=\"markdown prose dark:prose-invert w-full break-words light markdown-new-styling\">\n<ul data-start=\"671\" data-end=\"873\">\n<li data-start=\"671\" data-end=\"702\">\n<p data-start=\"673\" data-end=\"702\">Pr\u00e9mium min\u0151s\u00e9g\u0171 val\u00f3di b\u0151r<\/p>\n<\/li>\n<li data-start=\"703\" data-end=\"734\">\n<p data-start=\"705\" data-end=\"734\">Modern, k\u00fcl\u00f6nleges k\u00e9k sz\u00edn<\/p>\n<\/li>\n<li data-start=\"735\" data-end=\"763\">\n<p data-start=\"737\" data-end=\"763\">Vastag, divatos talpr\u00e9sz<\/p>\n<\/li>\n<li data-start=\"764\" data-end=\"793\">\n<p data-start=\"766\" data-end=\"793\">Magas, stabil kocka sarok<\/p>\n<\/li>\n<li data-start=\"794\" data-end=\"834\">\n<p data-start=\"796\" data-end=\"834\">Oldals\u00f3 cipz\u00e1r a k\u00f6nny\u0171 haszn\u00e1lat\u00e9rt<\/p>\n<\/li>\n<li data-start=\"835\" data-end=\"873\">\n<p data-start=\"837\" data-end=\"873\">Spanyol diz\u00e1jn \u2013 Lola Cruz min\u0151s\u00e9g<\/p>\n<\/li>\n<\/ul>\n<p data-start=\"875\" data-end=\"1023\" data-is-last-node=\"\" data-is-only-node=\"\">St\u00edlusos, vag\u00e1ny \u00e9s eleg\u00e1ns v\u00e1laszt\u00e1s azoknak, akik szeretik a k\u00fcl\u00f6nlegesebb, m\u00e9gis praktikus bokacsizm\u00e1kat a mindennapokra vagy alkalmi szettekhez.<\/p>\n<\/div>\n<\/div>\n<\/div>\n<\/div>\n<div class=\"z-0 flex min-h-[46px] justify-start\"><\/div>\n<div class=\"mt-3 w-full empty:hidden\">\n<div class=\"text-center\"><\/div>\n<\/div>\n<\/div>\n<\/div>\n<\/article>\n<div class=\"pointer-events-none h-px w-px\" aria-hidden=\"true\" data-edge=\"true\"><\/div>\n","protected":false},"featured_media":30002,"comment_status":"closed","ping_status":"closed","template":"","meta":{"_seopress_robots_primary_cat":"","_seopress_titles_title":"","_seopress_titles_desc":"","_seopress_robots_index":""},"product_brand":[110],"product_cat":[90,94,93],"product_tag":[],"class_list":{"0":"post-30015","1":"product","2":"type-product","3":"status-publish","4":"has-post-thumbnail","6":"product_brand-lolacruz","7":"product_cat-noi-cipo","8":"product_cat-noi-elegans","9":"product_cat-noi-magasszaru","11":"first","12":"instock","13":"shipping-taxable","14":"product-type-variable"},"_links":{"self":[{"href":"https:\/\/momentocipobolt.hu\/en\/wp-json\/wp\/v2\/product\/30015","targetHints":{"allow":["GET"]}}],"collection":[{"href":"https:\/\/momentocipobolt.hu\/en\/wp-json\/wp\/v2\/product"}],"about":[{"href":"https:\/\/momentocipobolt.hu\/en\/wp-json\/wp\/v2\/types\/product"}],"replies":[{"embeddable":true,"href":"https:\/\/momentocipobolt.hu\/en\/wp-json\/wp\/v2\/comments?post=30015"}],"version-history":[{"count":1,"href":"https:\/\/momentocipobolt.hu\/en\/wp-json\/wp\/v2\/product\/30015\/revisions"}],"predecessor-version":[{"id":30019,"href":"https:\/\/momentocipobolt.hu\/en\/wp-json\/wp\/v2\/product\/30015\/revisions\/30019"}],"wp:featuredmedia":[{"embeddable":true,"href":"https:\/\/momentocipobolt.hu\/en\/wp-json\/wp\/v2\/media\/30002"}],"wp:attachment":[{"href":"https:\/\/momentocipobolt.hu\/en\/wp-json\/wp\/v2\/media?parent=30015"}],"wp:term":[{"taxonomy":"product_brand","embeddable":true,"href":"https:\/\/momentocipobolt.hu\/en\/wp-json\/wp\/v2\/product_brand?post=30015"},{"taxonomy":"product_cat","embeddable":true,"href":"https:\/\/momentocipobolt.hu\/en\/wp-json\/wp\/v2\/product_cat?post=30015"},{"taxonomy":"product_tag","embeddable":true,"href":"https:\/\/momentocipobolt.hu\/en\/wp-json\/wp\/v2\/product_tag?post=30015"}],"curies":[{"name":"wp","href":"https:\/\/api.w.org\/{rel}","templated":true}]}}